{"id":1957,"date":"2025-10-01T06:06:58","date_gmt":"2025-10-01T06:06:58","guid":{"rendered":"https:\/\/lilianbauchet.com\/?post_type=product&#038;p=1957"},"modified":"2026-04-17T07:09:50","modified_gmt":"2026-04-17T07:09:50","slug":"planb-2023","status":"publish","type":"product","link":"https:\/\/lilianbauchet.com\/en\/shop-2\/planb-2023\/","title":{"rendered":"Plan B 2023"},"content":{"rendered":"<p><strong>\u00c0 la vigne :<\/strong><\/p>\n<ul>\n<li>Parcelle de 35 ares \u00a0de Souvignier Gris, Muscaris et Rayon d&rsquo;or.<\/li>\n<li>Aucun traitement phytosanitaire.<\/li>\n<\/ul>\n<p><strong>\u00c0 la cave :<\/strong><\/p>\n<ul>\n<li>Pressurage direct.<\/li>\n<li>Fermentation lente \u00e0 basse temp\u00e9rature.<\/li>\n<li>Mise en bouteille par nos soins au printemps, sans d\u00e9gazage, ni filtration, et sans\u00a0sulfites ajout\u00e9s.<\/li>\n<\/ul>\n<p>&nbsp;<\/p>","protected":false},"excerpt":{"rendered":"<p>Assemblage de trois c\u00e9pages blancs tr\u00e8s robustes et ne n\u00e9cessitant pas de traitements phytosanitaires, deux c\u00e9pages allemands muscaris et \u00a0souvignier gris, et un vieux c\u00e9page fran\u00e7ais, le rayon d&rsquo;or.<\/p>","protected":false},"featured_media":1938,"template":"","meta":{"om_disable_all_campaigns":false,"_uag_custom_page_level_css":"","_monsterinsights_skip_tracking":false,"_monsterinsights_sitenote_active":false,"_monsterinsights_sitenote_note":"","_monsterinsights_sitenote_category":0,"site-sidebar-layout":"default","site-content-layout":"default","ast-site-content-layout":"default","site-content-style":"default","site-sidebar-style":"default","ast-global-header-display":"","ast-banner-title-visibility":"","ast-main-header-display":"","ast-hfb-above-header-display":"","ast-hfb-below-header-display":"","ast-hfb-mobile-header-display":"","site-post-title":"","ast-breadcrumbs-content":"","ast-featured-img":"","footer-sml-layout":"","ast-disable-related-posts":"","theme-transparent-header-meta":"default","adv-header-id-meta":"","stick-header-meta":"","header-above-stick-meta":"","header-main-stick-meta":"","header-below-stick-meta":"","astra-migrate-meta-layouts":"set","ast-page-background-enabled":"default","ast-page-background-meta":{"desktop":{"background-color":"var(--ast-global-color-4)","background-image":"","background-repeat":"repeat","background-position":"center center","background-size":"auto","background-attachment":"scroll","background-type":"","background-media":"","overlay-type":"","overlay-color":"","overlay-opacity":"","overlay-gradient":""},"tablet":{"background-color":"","background-image":"","background-repeat":"repeat","background-position":"center center","background-size":"auto","background-attachment":"scroll","background-type":"","background-media":"","overlay-type":"","overlay-color":"","overlay-opacity":"","overlay-gradient":""},"mobile":{"background-color":"","background-image":"","background-repeat":"repeat","background-position":"center center","background-size":"auto","background-attachment":"scroll","background-type":"","background-media":"","overlay-type":"","overlay-color":"","overlay-opacity":"","overlay-gradient":""}},"ast-content-background-meta":{"desktop":{"background-color":"var(--ast-global-color-5)","background-image":"","background-repeat":"repeat","background-position":"center center","background-size":"auto","background-attachment":"scroll","background-type":"","background-media":"","overlay-type":"","overlay-color":"","overlay-opacity":"","overlay-gradient":""},"tablet":{"background-color":"var(--ast-global-color-5)","background-image":"","background-repeat":"repeat","background-position":"center center","background-size":"auto","background-attachment":"scroll","background-type":"","background-media":"","overlay-type":"","overlay-color":"","overlay-opacity":"","overlay-gradient":""},"mobile":{"background-color":"var(--ast-global-color-5)","background-image":"","background-repeat":"repeat","background-position":"center center","background-size":"auto","background-attachment":"scroll","background-type":"","background-media":"","overlay-type":"","overlay-color":"","overlay-opacity":"","overlay-gradient":""}}},"product_brand":[],"product_cat":[26],"product_tag":[],"class_list":{"0":"post-1957","1":"product","2":"type-product","3":"status-publish","4":"has-post-thumbnail","6":"product_cat-vins","7":"desktop-align-left","8":"tablet-align-left","9":"mobile-align-left","11":"first","12":"instock","13":"shipping-taxable","14":"purchasable","15":"product-type-simple"},"aioseo_notices":[],"uagb_featured_image_src":{"full":["https:\/\/lilianbauchet.com\/wp-content\/uploads\/2025\/09\/IMG_3618-scaled.jpeg",1920,2560,false],"thumbnail":["https:\/\/lilianbauchet.com\/wp-content\/uploads\/2025\/09\/IMG_3618-150x150.jpeg",150,150,true],"medium":["https:\/\/lilianbauchet.com\/wp-content\/uploads\/2025\/09\/IMG_3618-225x300.jpeg",225,300,true],"medium_large":["https:\/\/lilianbauchet.com\/wp-content\/uploads\/2025\/09\/IMG_3618-768x1024.jpeg",768,1024,true],"large":["https:\/\/lilianbauchet.com\/wp-content\/uploads\/2025\/09\/IMG_3618-768x1024.jpeg",768,1024,true],"1536x1536":["https:\/\/lilianbauchet.com\/wp-content\/uploads\/2025\/09\/IMG_3618-1152x1536.jpeg",1152,1536,true],"2048x2048":["https:\/\/lilianbauchet.com\/wp-content\/uploads\/2025\/09\/IMG_3618-1536x2048.jpeg",1536,2048,true],"trp-custom-language-flag":["https:\/\/lilianbauchet.com\/wp-content\/uploads\/2025\/09\/IMG_3618-scaled.jpeg",9,12,false],"woocommerce_thumbnail":["https:\/\/lilianbauchet.com\/wp-content\/uploads\/2025\/09\/IMG_3618-300x300.jpeg",300,300,true],"woocommerce_single":["https:\/\/lilianbauchet.com\/wp-content\/uploads\/2025\/09\/IMG_3618-600x800.jpeg",600,800,true],"woocommerce_gallery_thumbnail":["https:\/\/lilianbauchet.com\/wp-content\/uploads\/2025\/09\/IMG_3618-100x100.jpeg",100,100,true]},"uagb_author_info":{"display_name":"bauchet lilian","author_link":"https:\/\/lilianbauchet.com\/en\/author\/"},"uagb_comment_info":0,"uagb_excerpt":"Assemblage de trois c\u00e9pages blancs tr\u00e8s robustes et ne n\u00e9cessitant pas de traitements phytosanitaires, deux c\u00e9pages allemands muscaris et \u00a0souvignier gris, et un vieux c\u00e9page fran\u00e7ais, le rayon d'or.","_links":{"self":[{"href":"https:\/\/lilianbauchet.com\/en\/wp-json\/wp\/v2\/product\/1957","targetHints":{"allow":["GET"]}}],"collection":[{"href":"https:\/\/lilianbauchet.com\/en\/wp-json\/wp\/v2\/product"}],"about":[{"href":"https:\/\/lilianbauchet.com\/en\/wp-json\/wp\/v2\/types\/product"}],"wp:featuredmedia":[{"embeddable":true,"href":"https:\/\/lilianbauchet.com\/en\/wp-json\/wp\/v2\/media\/1938"}],"wp:attachment":[{"href":"https:\/\/lilianbauchet.com\/en\/wp-json\/wp\/v2\/media?parent=1957"}],"wp:term":[{"taxonomy":"product_brand","embeddable":true,"href":"https:\/\/lilianbauchet.com\/en\/wp-json\/wp\/v2\/product_brand?post=1957"},{"taxonomy":"product_cat","embeddable":true,"href":"https:\/\/lilianbauchet.com\/en\/wp-json\/wp\/v2\/product_cat?post=1957"},{"taxonomy":"product_tag","embeddable":true,"href":"https:\/\/lilianbauchet.com\/en\/wp-json\/wp\/v2\/product_tag?post=1957"}],"curies":[{"name":"wp","href":"https:\/\/api.w.org\/{rel}","templated":true}]}}