{"id":1917,"date":"2025-09-26T16:11:44","date_gmt":"2025-09-26T16:11:44","guid":{"rendered":"https:\/\/lilianbauchet.com\/?post_type=product&#038;p=1917"},"modified":"2026-04-17T07:10:15","modified_gmt":"2026-04-17T07:10:15","slug":"lherbe-folle-2023","status":"publish","type":"product","link":"https:\/\/lilianbauchet.com\/en\/shop-2\/lherbe-folle-2023\/","title":{"rendered":"L'herbe folle 2023"},"content":{"rendered":"","protected":false},"excerpt":{"rendered":"<p>une solera de gamay, du mill\u00e9sime 2013 au mill\u00e9sime 2018, \u00e9lev\u00e9e en f\u00fbt sans ouillage et sans sulfite. Un vin de caract\u00e8re, entre acidit\u00e9 et rondeur, r\u00e9serv\u00e9 aux aficionados des vins naturels !<\/p>","protected":false},"featured_media":1940,"template":"","meta":{"om_disable_all_campaigns":false,"_uag_custom_page_level_css":"","_monsterinsights_skip_tracking":false,"_monsterinsights_sitenote_active":false,"_monsterinsights_sitenote_note":"","_monsterinsights_sitenote_category":0,"site-sidebar-layout":"default","site-content-layout":"","ast-site-content-layout":"default","site-content-style":"default","site-sidebar-style":"default","ast-global-header-display":"","ast-banner-title-visibility":"","ast-main-header-display":"","ast-hfb-above-header-display":"","ast-hfb-below-header-display":"","ast-hfb-mobile-header-display":"","site-post-title":"","ast-breadcrumbs-content":"","ast-featured-img":"","footer-sml-layout":"","ast-disable-related-posts":"","theme-transparent-header-meta":"default","adv-header-id-meta":"","stick-header-meta":"","header-above-stick-meta":"","header-main-stick-meta":"","header-below-stick-meta":"","astra-migrate-meta-layouts":"set","ast-page-background-enabled":"default","ast-page-background-meta":{"desktop":{"background-color":"var(--ast-global-color-4)","background-image":"","background-repeat":"repeat","background-position":"center center","background-size":"auto","background-attachment":"scroll","background-type":"","background-media":"","overlay-type":"","overlay-color":"","overlay-opacity":"","overlay-gradient":""},"tablet":{"background-color":"","background-image":"","background-repeat":"repeat","background-position":"center center","background-size":"auto","background-attachment":"scroll","background-type":"","background-media":"","overlay-type":"","overlay-color":"","overlay-opacity":"","overlay-gradient":""},"mobile":{"background-color":"","background-image":"","background-repeat":"repeat","background-position":"center center","background-size":"auto","background-attachment":"scroll","background-type":"","background-media":"","overlay-type":"","overlay-color":"","overlay-opacity":"","overlay-gradient":""}},"ast-content-background-meta":{"desktop":{"background-color":"var(--ast-global-color-5)","background-image":"","background-repeat":"repeat","background-position":"center center","background-size":"auto","background-attachment":"scroll","background-type":"","background-media":"","overlay-type":"","overlay-color":"","overlay-opacity":"","overlay-gradient":""},"tablet":{"background-color":"var(--ast-global-color-5)","background-image":"","background-repeat":"repeat","background-position":"center center","background-size":"auto","background-attachment":"scroll","background-type":"","background-media":"","overlay-type":"","overlay-color":"","overlay-opacity":"","overlay-gradient":""},"mobile":{"background-color":"var(--ast-global-color-5)","background-image":"","background-repeat":"repeat","background-position":"center center","background-size":"auto","background-attachment":"scroll","background-type":"","background-media":"","overlay-type":"","overlay-color":"","overlay-opacity":"","overlay-gradient":""}}},"product_brand":[],"product_cat":[26],"product_tag":[],"class_list":{"0":"post-1917","1":"product","2":"type-product","3":"status-publish","4":"has-post-thumbnail","6":"product_cat-vins","7":"desktop-align-left","8":"tablet-align-left","9":"mobile-align-left","11":"first","12":"instock","13":"shipping-taxable","14":"purchasable","15":"product-type-simple"},"aioseo_notices":[],"uagb_featured_image_src":{"full":["https:\/\/lilianbauchet.com\/wp-content\/uploads\/2025\/09\/IMG_3603-scaled.jpeg",1920,2560,false],"thumbnail":["https:\/\/lilianbauchet.com\/wp-content\/uploads\/2025\/09\/IMG_3603-150x150.jpeg",150,150,true],"medium":["https:\/\/lilianbauchet.com\/wp-content\/uploads\/2025\/09\/IMG_3603-225x300.jpeg",225,300,true],"medium_large":["https:\/\/lilianbauchet.com\/wp-content\/uploads\/2025\/09\/IMG_3603-768x1024.jpeg",768,1024,true],"large":["https:\/\/lilianbauchet.com\/wp-content\/uploads\/2025\/09\/IMG_3603-768x1024.jpeg",768,1024,true],"1536x1536":["https:\/\/lilianbauchet.com\/wp-content\/uploads\/2025\/09\/IMG_3603-1152x1536.jpeg",1152,1536,true],"2048x2048":["https:\/\/lilianbauchet.com\/wp-content\/uploads\/2025\/09\/IMG_3603-1536x2048.jpeg",1536,2048,true],"trp-custom-language-flag":["https:\/\/lilianbauchet.com\/wp-content\/uploads\/2025\/09\/IMG_3603-scaled.jpeg",9,12,false],"woocommerce_thumbnail":["https:\/\/lilianbauchet.com\/wp-content\/uploads\/2025\/09\/IMG_3603-300x300.jpeg",300,300,true],"woocommerce_single":["https:\/\/lilianbauchet.com\/wp-content\/uploads\/2025\/09\/IMG_3603-600x800.jpeg",600,800,true],"woocommerce_gallery_thumbnail":["https:\/\/lilianbauchet.com\/wp-content\/uploads\/2025\/09\/IMG_3603-100x100.jpeg",100,100,true]},"uagb_author_info":{"display_name":"bauchet lilian","author_link":"https:\/\/lilianbauchet.com\/en\/author\/"},"uagb_comment_info":0,"uagb_excerpt":"une solera de gamay, du mill\u00e9sime 2013 au mill\u00e9sime 2018, \u00e9lev\u00e9e en f\u00fbt sans ouillage et sans sulfite. Un vin de caract\u00e8re, entre acidit\u00e9 et rondeur, r\u00e9serv\u00e9 aux aficionados des vins naturels !","_links":{"self":[{"href":"https:\/\/lilianbauchet.com\/en\/wp-json\/wp\/v2\/product\/1917","targetHints":{"allow":["GET"]}}],"collection":[{"href":"https:\/\/lilianbauchet.com\/en\/wp-json\/wp\/v2\/product"}],"about":[{"href":"https:\/\/lilianbauchet.com\/en\/wp-json\/wp\/v2\/types\/product"}],"wp:featuredmedia":[{"embeddable":true,"href":"https:\/\/lilianbauchet.com\/en\/wp-json\/wp\/v2\/media\/1940"}],"wp:attachment":[{"href":"https:\/\/lilianbauchet.com\/en\/wp-json\/wp\/v2\/media?parent=1917"}],"wp:term":[{"taxonomy":"product_brand","embeddable":true,"href":"https:\/\/lilianbauchet.com\/en\/wp-json\/wp\/v2\/product_brand?post=1917"},{"taxonomy":"product_cat","embeddable":true,"href":"https:\/\/lilianbauchet.com\/en\/wp-json\/wp\/v2\/product_cat?post=1917"},{"taxonomy":"product_tag","embeddable":true,"href":"https:\/\/lilianbauchet.com\/en\/wp-json\/wp\/v2\/product_tag?post=1917"}],"curies":[{"name":"wp","href":"https:\/\/api.w.org\/{rel}","templated":true}]}}