{"id":1846,"date":"2025-09-25T13:48:24","date_gmt":"2025-09-25T13:48:24","guid":{"rendered":"https:\/\/lilianbauchet.com\/?post_type=product&#038;p=1846"},"modified":"2026-04-17T07:10:50","modified_gmt":"2026-04-17T07:10:50","slug":"nosnoc2024","status":"publish","type":"product","link":"https:\/\/lilianbauchet.com\/en\/shop-2\/nosnoc2024\/","title":{"rendered":"No Sulfite no cry 2024"},"content":{"rendered":"<p><strong>\u00c0 la vigne :<\/strong><\/p>\n<ul>\n<li>Parcelle de 20 ares d&rsquo;une vigne de 80 ans, complant\u00e9e de vieux hybrides fran\u00e7ais, majoritairement Plantet, autrefois appel\u00e9 le 5455 ( parce qu&rsquo;issu du 54\u00e8me pied de la 55\u00e8me rang\u00e9e du terrain d&rsquo;exp\u00e9rimentation du c\u00e9l\u00e8bre hybrideur pionnier Albert Seibel &#8211; pour plus de d\u00e9tail, acc\u00e9der \u00e0 la rubrique sur l&rsquo;histoire de la culture des vignes hybrides).<\/li>\n<li>Deux traitements soufre et cuivre en encadrement de la fleur.<\/li>\n<\/ul>\n<p><strong>\u00c0 la cave :<\/strong><\/p>\n<ul>\n<li>Mac\u00e9ration courte d&rsquo;une journ\u00e9e, avant pressurage pneumatique.<\/li>\n<li>Fermentation lente \u00e0 basse temp\u00e9rature.<\/li>\n<li>Mise en bouteille par nos soins au printemps, sans d\u00e9gazage, ni filtration, et sans\u00a0sulfites ajout\u00e9s.<\/li>\n<\/ul>\n<p>&nbsp;<\/p>","protected":false},"excerpt":{"rendered":"<p>Vin naturel, issu d&rsquo;une parcelle de 80 ans de vieux c\u00e9pages hybrides complant\u00e9s, majoritairement Plantet (5455) \u00a0et Oberlin. Mac\u00e9ration courte pour pr\u00e9server le fruit. Vin l\u00e9ger, parfait pour l&rsquo;ap\u00e9ro !<\/p>","protected":false},"featured_media":1847,"template":"","meta":{"om_disable_all_campaigns":false,"_uag_custom_page_level_css":"","_monsterinsights_skip_tracking":false,"_monsterinsights_sitenote_active":false,"_monsterinsights_sitenote_note":"","_monsterinsights_sitenote_category":0,"site-sidebar-layout":"default","site-content-layout":"default","ast-site-content-layout":"default","site-content-style":"default","site-sidebar-style":"default","ast-global-header-display":"","ast-banner-title-visibility":"","ast-main-header-display":"","ast-hfb-above-header-display":"","ast-hfb-below-header-display":"","ast-hfb-mobile-header-display":"","site-post-title":"","ast-breadcrumbs-content":"","ast-featured-img":"","footer-sml-layout":"","ast-disable-related-posts":"","theme-transparent-header-meta":"default","adv-header-id-meta":"","stick-header-meta":"","header-above-stick-meta":"","header-main-stick-meta":"","header-below-stick-meta":"","astra-migrate-meta-layouts":"set","ast-page-background-enabled":"default","ast-page-background-meta":{"desktop":{"background-color":"var(--ast-global-color-4)","background-image":"","background-repeat":"repeat","background-position":"center center","background-size":"auto","background-attachment":"scroll","background-type":"","background-media":"","overlay-type":"","overlay-color":"","overlay-opacity":"","overlay-gradient":""},"tablet":{"background-color":"","background-image":"","background-repeat":"repeat","background-position":"center center","background-size":"auto","background-attachment":"scroll","background-type":"","background-media":"","overlay-type":"","overlay-color":"","overlay-opacity":"","overlay-gradient":""},"mobile":{"background-color":"","background-image":"","background-repeat":"repeat","background-position":"center center","background-size":"auto","background-attachment":"scroll","background-type":"","background-media":"","overlay-type":"","overlay-color":"","overlay-opacity":"","overlay-gradient":""}},"ast-content-background-meta":{"desktop":{"background-color":"var(--ast-global-color-5)","background-image":"","background-repeat":"repeat","background-position":"center center","background-size":"auto","background-attachment":"scroll","background-type":"","background-media":"","overlay-type":"","overlay-color":"","overlay-opacity":"","overlay-gradient":""},"tablet":{"background-color":"var(--ast-global-color-5)","background-image":"","background-repeat":"repeat","background-position":"center center","background-size":"auto","background-attachment":"scroll","background-type":"","background-media":"","overlay-type":"","overlay-color":"","overlay-opacity":"","overlay-gradient":""},"mobile":{"background-color":"var(--ast-global-color-5)","background-image":"","background-repeat":"repeat","background-position":"center center","background-size":"auto","background-attachment":"scroll","background-type":"","background-media":"","overlay-type":"","overlay-color":"","overlay-opacity":"","overlay-gradient":""}}},"product_brand":[],"product_cat":[26],"product_tag":[],"class_list":{"0":"post-1846","1":"product","2":"type-product","3":"status-publish","4":"has-post-thumbnail","6":"product_cat-vins","7":"desktop-align-left","8":"tablet-align-left","9":"mobile-align-left","11":"first","12":"instock","13":"shipping-taxable","14":"purchasable","15":"product-type-simple"},"aioseo_notices":[],"uagb_featured_image_src":{"full":["https:\/\/lilianbauchet.com\/wp-content\/uploads\/2025\/09\/IMG_2174-scaled.jpeg",1920,2560,false],"thumbnail":["https:\/\/lilianbauchet.com\/wp-content\/uploads\/2025\/09\/IMG_2174-150x150.jpeg",150,150,true],"medium":["https:\/\/lilianbauchet.com\/wp-content\/uploads\/2025\/09\/IMG_2174-225x300.jpeg",225,300,true],"medium_large":["https:\/\/lilianbauchet.com\/wp-content\/uploads\/2025\/09\/IMG_2174-768x1024.jpeg",768,1024,true],"large":["https:\/\/lilianbauchet.com\/wp-content\/uploads\/2025\/09\/IMG_2174-768x1024.jpeg",768,1024,true],"1536x1536":["https:\/\/lilianbauchet.com\/wp-content\/uploads\/2025\/09\/IMG_2174-1152x1536.jpeg",1152,1536,true],"2048x2048":["https:\/\/lilianbauchet.com\/wp-content\/uploads\/2025\/09\/IMG_2174-1536x2048.jpeg",1536,2048,true],"trp-custom-language-flag":["https:\/\/lilianbauchet.com\/wp-content\/uploads\/2025\/09\/IMG_2174-scaled.jpeg",9,12,false],"woocommerce_thumbnail":["https:\/\/lilianbauchet.com\/wp-content\/uploads\/2025\/09\/IMG_2174-300x300.jpeg",300,300,true],"woocommerce_single":["https:\/\/lilianbauchet.com\/wp-content\/uploads\/2025\/09\/IMG_2174-600x800.jpeg",600,800,true],"woocommerce_gallery_thumbnail":["https:\/\/lilianbauchet.com\/wp-content\/uploads\/2025\/09\/IMG_2174-100x100.jpeg",100,100,true]},"uagb_author_info":{"display_name":"bauchet lilian","author_link":"https:\/\/lilianbauchet.com\/en\/author\/"},"uagb_comment_info":0,"uagb_excerpt":"Vin naturel, issu d'une parcelle de 80 ans de vieux c\u00e9pages hybrides complant\u00e9s, majoritairement Plantet (5455) \u00a0et Oberlin. Mac\u00e9ration courte pour pr\u00e9server le fruit. Vin l\u00e9ger, parfait pour l'ap\u00e9ro !","_links":{"self":[{"href":"https:\/\/lilianbauchet.com\/en\/wp-json\/wp\/v2\/product\/1846","targetHints":{"allow":["GET"]}}],"collection":[{"href":"https:\/\/lilianbauchet.com\/en\/wp-json\/wp\/v2\/product"}],"about":[{"href":"https:\/\/lilianbauchet.com\/en\/wp-json\/wp\/v2\/types\/product"}],"wp:featuredmedia":[{"embeddable":true,"href":"https:\/\/lilianbauchet.com\/en\/wp-json\/wp\/v2\/media\/1847"}],"wp:attachment":[{"href":"https:\/\/lilianbauchet.com\/en\/wp-json\/wp\/v2\/media?parent=1846"}],"wp:term":[{"taxonomy":"product_brand","embeddable":true,"href":"https:\/\/lilianbauchet.com\/en\/wp-json\/wp\/v2\/product_brand?post=1846"},{"taxonomy":"product_cat","embeddable":true,"href":"https:\/\/lilianbauchet.com\/en\/wp-json\/wp\/v2\/product_cat?post=1846"},{"taxonomy":"product_tag","embeddable":true,"href":"https:\/\/lilianbauchet.com\/en\/wp-json\/wp\/v2\/product_tag?post=1846"}],"curies":[{"name":"wp","href":"https:\/\/api.w.org\/{rel}","templated":true}]}}