{"id":2323,"date":"2025-10-09T06:55:12","date_gmt":"2025-10-09T06:55:12","guid":{"rendered":"https:\/\/lilianbauchet.com\/?page_id=2323"},"modified":"2025-10-09T16:40:28","modified_gmt":"2025-10-09T16:40:28","slug":"politique-dexpedition-shipping-policy","status":"publish","type":"page","link":"https:\/\/lilianbauchet.com\/en\/politique-dexpedition-shipping-policy\/","title":{"rendered":"Politique d&rsquo;exp\u00e9dition \/ shipping policy"},"content":{"rendered":"<h3 class=\"wp-block-heading\">Livraison en France :<\/h3>\n\n\n\n<p>Le minimum de commande est de trois bouteilles.<\/p>\n\n\n\n<p>La livraison s&rsquo;effectue obligatoirement en relais colis pour les commandes inf\u00e9rieures ou \u00e9gales \u00e0 18 bouteilles.<\/p>\n\n\n\n<p>Au del\u00e0, les livraisons se feront obligatoirement \u00e0 l&rsquo;adresse que vous aurez pr\u00e9cis\u00e9e lors de la validation de commande. <\/p>\n\n\n\n<p>Toutefois, si vous souhaitez une livraison \u00e0 domicile en dessous de 18 bouteilles, n&rsquo;h\u00e9sitez pas \u00e0 nous contacter.<\/p>\n\n\n\n<div style=\"height:41px\" aria-hidden=\"true\" class=\"wp-block-spacer\"><\/div>\n\n\n\n<h3 class=\"wp-block-heading\">Livraison \u00e0 l&rsquo;\u00e9tranger \/ Delivery outside France :<\/h3>\n\n\n\n<p>Le minimum de commande est de trois bouteilles \/ The minimum order is three bottles. <\/p>\n\n\n\n<p>Le maximum de commande est de 18 bouteilles \/ The maximum is eighteen.<\/p>\n\n\n\n<p>La livraison se fait obligatoirement en relais colis \/ Delivery must be made to a parcel collection point.<\/p>\n\n\n\n<p>However, if you would like home delivery or an order for more than 18 bottles, please do not hesitate to contact us. <\/p>\n\n\n\n<p><\/p>","protected":false},"excerpt":{"rendered":"<p>Livraison en France : Le minimum de commande est de trois bouteilles. La livraison s&rsquo;effectue obligatoirement en relais colis pour les commandes inf\u00e9rieures ou \u00e9gales \u00e0 18 bouteilles. Au del\u00e0, les livraisons se feront obligatoirement \u00e0 l&rsquo;adresse que vous aurez pr\u00e9cis\u00e9e lors de la validation de commande. Toutefois, si vous souhaitez une livraison \u00e0 domicile [&hellip;]<\/p>","protected":false},"author":1,"featured_media":0,"parent":0,"menu_order":0,"comment_status":"closed","ping_status":"closed","template":"","meta":{"om_disable_all_campaigns":false,"_uag_custom_page_level_css":"","_monsterinsights_skip_tracking":false,"_monsterinsights_sitenote_active":false,"_monsterinsights_sitenote_note":"","_monsterinsights_sitenote_category":0,"site-sidebar-layout":"default","site-content-layout":"","ast-site-content-layout":"default","site-content-style":"default","site-sidebar-style":"default","ast-global-header-display":"","ast-banner-title-visibility":"","ast-main-header-display":"","ast-hfb-above-header-display":"","ast-hfb-below-header-display":"","ast-hfb-mobile-header-display":"","site-post-title":"","ast-breadcrumbs-content":"","ast-featured-img":"","footer-sml-layout":"","theme-transparent-header-meta":"","adv-header-id-meta":"","stick-header-meta":"","header-above-stick-meta":"","header-main-stick-meta":"","header-below-stick-meta":"","astra-migrate-meta-layouts":"set","ast-page-background-enabled":"default","ast-page-background-meta":{"desktop":{"background-color":"var(--ast-global-color-4)","background-image":"","background-repeat":"repeat","background-position":"center center","background-size":"auto","background-attachment":"scroll","background-type":"","background-media":"","overlay-type":"","overlay-color":"","overlay-opacity":"","overlay-gradient":""},"tablet":{"background-color":"","background-image":"","background-repeat":"repeat","background-position":"center center","background-size":"auto","background-attachment":"scroll","background-type":"","background-media":"","overlay-type":"","overlay-color":"","overlay-opacity":"","overlay-gradient":""},"mobile":{"background-color":"","background-image":"","background-repeat":"repeat","background-position":"center center","background-size":"auto","background-attachment":"scroll","background-type":"","background-media":"","overlay-type":"","overlay-color":"","overlay-opacity":"","overlay-gradient":""}},"ast-content-background-meta":{"desktop":{"background-color":"var(--ast-global-color-5)","background-image":"","background-repeat":"repeat","background-position":"center center","background-size":"auto","background-attachment":"scroll","background-type":"","background-media":"","overlay-type":"","overlay-color":"","overlay-opacity":"","overlay-gradient":""},"tablet":{"background-color":"var(--ast-global-color-5)","background-image":"","background-repeat":"repeat","background-position":"center center","background-size":"auto","background-attachment":"scroll","background-type":"","background-media":"","overlay-type":"","overlay-color":"","overlay-opacity":"","overlay-gradient":""},"mobile":{"background-color":"var(--ast-global-color-5)","background-image":"","background-repeat":"repeat","background-position":"center center","background-size":"auto","background-attachment":"scroll","background-type":"","background-media":"","overlay-type":"","overlay-color":"","overlay-opacity":"","overlay-gradient":""}},"footnotes":""},"class_list":["post-2323","page","type-page","status-publish","hentry"],"aioseo_notices":[],"_hostinger_reach_plugin_has_subscription_block":false,"_hostinger_reach_plugin_is_elementor":false,"uagb_featured_image_src":{"full":false,"thumbnail":false,"medium":false,"medium_large":false,"large":false,"1536x1536":false,"2048x2048":false,"trp-custom-language-flag":false,"woocommerce_thumbnail":false,"woocommerce_single":false,"woocommerce_gallery_thumbnail":false},"uagb_author_info":{"display_name":"bauchet lilian","author_link":"https:\/\/lilianbauchet.com\/en\/author\/lilianbauchetgmail-com\/"},"uagb_comment_info":0,"uagb_excerpt":"Livraison en France : Le minimum de commande est de trois bouteilles. La livraison s&rsquo;effectue obligatoirement en relais colis pour les commandes inf\u00e9rieures ou \u00e9gales \u00e0 18 bouteilles. Au del\u00e0, les livraisons se feront obligatoirement \u00e0 l&rsquo;adresse que vous aurez pr\u00e9cis\u00e9e lors de la validation de commande. Toutefois, si vous souhaitez une livraison \u00e0 domicile&hellip;","_links":{"self":[{"href":"https:\/\/lilianbauchet.com\/en\/wp-json\/wp\/v2\/pages\/2323","targetHints":{"allow":["GET"]}}],"collection":[{"href":"https:\/\/lilianbauchet.com\/en\/wp-json\/wp\/v2\/pages"}],"about":[{"href":"https:\/\/lilianbauchet.com\/en\/wp-json\/wp\/v2\/types\/page"}],"author":[{"embeddable":true,"href":"https:\/\/lilianbauchet.com\/en\/wp-json\/wp\/v2\/users\/1"}],"replies":[{"embeddable":true,"href":"https:\/\/lilianbauchet.com\/en\/wp-json\/wp\/v2\/comments?post=2323"}],"version-history":[{"count":5,"href":"https:\/\/lilianbauchet.com\/en\/wp-json\/wp\/v2\/pages\/2323\/revisions"}],"predecessor-version":[{"id":2352,"href":"https:\/\/lilianbauchet.com\/en\/wp-json\/wp\/v2\/pages\/2323\/revisions\/2352"}],"wp:attachment":[{"href":"https:\/\/lilianbauchet.com\/en\/wp-json\/wp\/v2\/media?parent=2323"}],"curies":[{"name":"wp","href":"https:\/\/api.w.org\/{rel}","templated":true}]}}