{"id":1882,"date":"2025-09-26T07:21:19","date_gmt":"2025-09-26T07:21:19","guid":{"rendered":"https:\/\/lilianbauchet.com\/?page_id=1882"},"modified":"2025-09-26T09:04:29","modified_gmt":"2025-09-26T09:04:29","slug":"politique-de-confidentialite","status":"publish","type":"page","link":"https:\/\/lilianbauchet.com\/en\/politique-de-confidentialite\/","title":{"rendered":"Privacy Policy"},"content":{"rendered":"<div class=\"wp-block-uagb-info-box uagb-block-6442ae5f uagb-infobox__content-wrap  uagb-infobox-icon-above-title uagb-infobox-image-valign-top\"><div class=\"uagb-ifb-content\"><div class=\"uagb-ifb-title-wrap\"><h3 class=\"uagb-ifb-title\">Privacy Policy<\/h3><\/div><p class=\"uagb-ifb-desc\"><br>Mentions L\u00e9gales<br><br><strong>\u00c9diteur du site :<\/strong><br>Domaine viticole Lilian Bauchet<br>Adresse : 1789, grande rue de Flurieux, 01140 Mogneneins<br>Email :\u00a0<a href=\"mailto:lilianbauchet@gmail.com\" rel=\"nofollow\" title=\"\">lilianbauchet@gmail.com<\/a><br><br><strong>Directeur de la publication :<\/strong><br>Lilian Bauchet<br><br><strong>Photographe :<\/strong><br>Lilian Bauchet<br><br><strong>H\u00e9bergement :<\/strong><br>Hostinger, UAB<br>Jonavos g. 60C, LT-44192<br>Kaunas, Lituanie<br><br><strong>Propri\u00e9t\u00e9 intellectuelle :<\/strong><br>L&rsquo;ensemble du contenu du site (textes, images, graphismes, logo, ic\u00f4nes, etc.) est la propri\u00e9t\u00e9 exclusive de Lilian Bauchet, sauf mention contraire. Toute reproduction, repr\u00e9sentation, modification, publication, adaptation de tout ou partie des \u00e9l\u00e9ments du site, quel que soit le moyen ou le proc\u00e9d\u00e9 utilis\u00e9, est interdite, sauf apr\u00e8s notre autorisation \u00e9crite pr\u00e9alable.<br><br><strong>Protection des donn\u00e9es personnelles :<\/strong><br>Ce site ne collecte aucune donn\u00e9e personnelle via des formulaires en vue de les transmettre \u00e0 des tiers qui s&rsquo;en r\u00e9serveraient un usage commercial.<br><br>Conform\u00e9ment \u00e0 la loi \u00ab Informatique et Libert\u00e9s \u00bb et au RGPD, vous disposez d&rsquo;un droit d&rsquo;acc\u00e8s, de rectification et de suppression des donn\u00e9es vous concernant.<br><br><br><strong>Responsabilit\u00e9 :<\/strong><br>Nous nous effor\u00e7ons de fournir sur ce site des informations aussi pr\u00e9cises que possible. Toutefois, nous ne pouvons \u00eatre tenus responsable des omissions, des inexactitudes et des carences dans la mise \u00e0 jour, qu&rsquo;elles soient de notre fait ou du fait des tiers partenaires qui nous fournissent ces informations.<br><br><br><br><br><br><\/p><\/div><\/div>","protected":false},"excerpt":{"rendered":"","protected":false},"author":1,"featured_media":0,"parent":0,"menu_order":0,"comment_status":"closed","ping_status":"closed","template":"","meta":{"om_disable_all_campaigns":false,"_uag_custom_page_level_css":"","_monsterinsights_skip_tracking":false,"_monsterinsights_sitenote_active":false,"_monsterinsights_sitenote_note":"","_monsterinsights_sitenote_category":0,"site-sidebar-layout":"default","site-content-layout":"","ast-site-content-layout":"default","site-content-style":"default","site-sidebar-style":"default","ast-global-header-display":"","ast-banner-title-visibility":"","ast-main-header-display":"","ast-hfb-above-header-display":"","ast-hfb-below-header-display":"","ast-hfb-mobile-header-display":"","site-post-title":"disabled","ast-breadcrumbs-content":"","ast-featured-img":"","footer-sml-layout":"","ast-disable-related-posts":"","theme-transparent-header-meta":"","adv-header-id-meta":"","stick-header-meta":"","header-above-stick-meta":"","header-main-stick-meta":"","header-below-stick-meta":"","astra-migrate-meta-layouts":"set","ast-page-background-enabled":"default","ast-page-background-meta":{"desktop":{"background-color":"var(--ast-global-color-4)","background-image":"","background-repeat":"repeat","background-position":"center center","background-size":"auto","background-attachment":"scroll","background-type":"","background-media":"","overlay-type":"","overlay-color":"","overlay-opacity":"","overlay-gradient":""},"tablet":{"background-color":"","background-image":"","background-repeat":"repeat","background-position":"center center","background-size":"auto","background-attachment":"scroll","background-type":"","background-media":"","overlay-type":"","overlay-color":"","overlay-opacity":"","overlay-gradient":""},"mobile":{"background-color":"","background-image":"","background-repeat":"repeat","background-position":"center center","background-size":"auto","background-attachment":"scroll","background-type":"","background-media":"","overlay-type":"","overlay-color":"","overlay-opacity":"","overlay-gradient":""}},"ast-content-background-meta":{"desktop":{"background-color":"var(--ast-global-color-5)","background-image":"","background-repeat":"repeat","background-position":"center center","background-size":"auto","background-attachment":"scroll","background-type":"","background-media":"","overlay-type":"","overlay-color":"","overlay-opacity":"","overlay-gradient":""},"tablet":{"background-color":"var(--ast-global-color-5)","background-image":"","background-repeat":"repeat","background-position":"center center","background-size":"auto","background-attachment":"scroll","background-type":"","background-media":"","overlay-type":"","overlay-color":"","overlay-opacity":"","overlay-gradient":""},"mobile":{"background-color":"var(--ast-global-color-5)","background-image":"","background-repeat":"repeat","background-position":"center center","background-size":"auto","background-attachment":"scroll","background-type":"","background-media":"","overlay-type":"","overlay-color":"","overlay-opacity":"","overlay-gradient":""}},"footnotes":""},"class_list":["post-1882","page","type-page","status-publish","hentry"],"aioseo_notices":[],"_hostinger_reach_plugin_has_subscription_block":false,"_hostinger_reach_plugin_is_elementor":false,"uagb_featured_image_src":{"full":false,"thumbnail":false,"medium":false,"medium_large":false,"large":false,"1536x1536":false,"2048x2048":false,"trp-custom-language-flag":false,"woocommerce_thumbnail":false,"woocommerce_single":false,"woocommerce_gallery_thumbnail":false},"uagb_author_info":{"display_name":"bauchet lilian","author_link":"https:\/\/lilianbauchet.com\/en\/author\/lilianbauchetgmail-com\/"},"uagb_comment_info":0,"uagb_excerpt":null,"_links":{"self":[{"href":"https:\/\/lilianbauchet.com\/en\/wp-json\/wp\/v2\/pages\/1882","targetHints":{"allow":["GET"]}}],"collection":[{"href":"https:\/\/lilianbauchet.com\/en\/wp-json\/wp\/v2\/pages"}],"about":[{"href":"https:\/\/lilianbauchet.com\/en\/wp-json\/wp\/v2\/types\/page"}],"author":[{"embeddable":true,"href":"https:\/\/lilianbauchet.com\/en\/wp-json\/wp\/v2\/users\/1"}],"replies":[{"embeddable":true,"href":"https:\/\/lilianbauchet.com\/en\/wp-json\/wp\/v2\/comments?post=1882"}],"version-history":[{"count":3,"href":"https:\/\/lilianbauchet.com\/en\/wp-json\/wp\/v2\/pages\/1882\/revisions"}],"predecessor-version":[{"id":1899,"href":"https:\/\/lilianbauchet.com\/en\/wp-json\/wp\/v2\/pages\/1882\/revisions\/1899"}],"wp:attachment":[{"href":"https:\/\/lilianbauchet.com\/en\/wp-json\/wp\/v2\/media?parent=1882"}],"curies":[{"name":"wp","href":"https:\/\/api.w.org\/{rel}","templated":true}]}}